{"id":758,"date":"2017-04-30T16:16:08","date_gmt":"2017-04-30T15:16:08","guid":{"rendered":"http:\/\/www.cpcoe.org\/?page_id=758"},"modified":"2017-04-30T16:45:12","modified_gmt":"2017-04-30T15:45:12","slug":"documentos","status":"publish","type":"page","link":"https:\/\/www.cpcoe.org\/?page_id=758","title":{"rendered":"Documentos"},"content":{"rendered":"<p>A disponibiliza\u00e7\u00e3o de documentos de interesse para coleccionadores de objectos escutistas, destina-se apenas a s\u00f3cios do CPCOE.<\/p>\n<p>Os dados para aceder a este servi\u00e7o encontram-se no boletim &#8220;Carolas&#8221;.<\/p>\n<p><em class=\"note\"><code>[wpdm_user_dashboard]<\/code><\/em><\/p>\n","protected":false},"excerpt":{"rendered":"<p>A disponibiliza\u00e7\u00e3o de documentos de interesse para coleccionadores de objectos escutistas, destina-se apenas a s\u00f3cios do CPCOE. Os dados para aceder a este servi\u00e7o encontram-se no boletim &#8220;Carolas&#8221;. [wpdm_user_dashboard]<\/p>\n","protected":false},"author":16,"featured_media":0,"parent":0,"menu_order":0,"comment_status":"closed","ping_status":"closed","template":"","meta":{"footnotes":""},"_links":{"self":[{"href":"https:\/\/www.cpcoe.org\/index.php?rest_route=\/wp\/v2\/pages\/758"}],"collection":[{"href":"https:\/\/www.cpcoe.org\/index.php?rest_route=\/wp\/v2\/pages"}],"about":[{"href":"https:\/\/www.cpcoe.org\/index.php?rest_route=\/wp\/v2\/types\/page"}],"author":[{"embeddable":true,"href":"https:\/\/www.cpcoe.org\/index.php?rest_route=\/wp\/v2\/users\/16"}],"replies":[{"embeddable":true,"href":"https:\/\/www.cpcoe.org\/index.php?rest_route=%2Fwp%2Fv2%2Fcomments&post=758"}],"version-history":[{"count":5,"href":"https:\/\/www.cpcoe.org\/index.php?rest_route=\/wp\/v2\/pages\/758\/revisions"}],"predecessor-version":[{"id":765,"href":"https:\/\/www.cpcoe.org\/index.php?rest_route=\/wp\/v2\/pages\/758\/revisions\/765"}],"wp:attachment":[{"href":"https:\/\/www.cpcoe.org\/index.php?rest_route=%2Fwp%2Fv2%2Fmedia&parent=758"}],"curies":[{"name":"wp","href":"https:\/\/api.w.org\/{rel}","templated":true}]}}