{"id":4,"date":"2014-09-28T09:50:16","date_gmt":"2014-09-28T09:50:16","guid":{"rendered":"http:\/\/www.cpcoe.org\/?page_id=4"},"modified":"2015-10-13T23:42:42","modified_gmt":"2015-10-13T22:42:42","slug":"outro-exemplo","status":"publish","type":"page","link":"https:\/\/www.cpcoe.org\/?page_id=4","title":{"rendered":"O CLUBE"},"content":{"rendered":"<p>O Clube Portugu\u00eas de Coleccionadores de Objectos Escutistas (CPCOE), fundado em 2001, \u00e9 uma associa\u00e7\u00e3o sem fins lucrativos, independente de qualquer associa\u00e7\u00e3o escutista nacional ou internacional, que re\u00fane coleccionadores de tem\u00e1tica escutista. Possui um Regulamento Interno, Estatutos e NIPC (507 336 712).<\/p>\n<p><a href=\"http:\/\/www.cpcoe.org\/wp-content\/uploads\/2014\/09\/cpcoe-logo-200x224.jpg\"><img loading=\"lazy\" decoding=\"async\" class=\"alignnone size-full wp-image-37 aligncenter\" src=\"http:\/\/www.cpcoe.org\/wp-content\/uploads\/2014\/09\/cpcoe-logo-200x224.jpg\" alt=\"cpcoe-logo-200x224\" width=\"200\" height=\"224\" \/><\/a><\/p>\n<p>S\u00c3O OBJECTIVOS DO CPCOE:<\/p>\n<p>a) Motivar o coleccionismo de objectos de tem\u00e1tica escutista;<br \/>\nb) Ajudar os S\u00f3cios e outros interessados nas suas colec\u00e7\u00f5es, no esclarecimento de d\u00favidas de classifica\u00e7\u00e3o e historial;<br \/>\nc) Divulgar a heran\u00e7a escutista, atrav\u00e9s de exposi\u00e7\u00f5es e encontros locais, regionais, nacionais e mesmo internacionais para trocas;<br \/>\nd) Estabelecer interc\u00e2mbios nacionais e internacionais na base do verdadeiro esp\u00edrito de irmandade escutista.<\/p>\n<p><strong>QUEM PODE SER S\u00d3CIO?<\/strong><\/p>\n<p>Podem ser admitidos, como s\u00f3cios do CPCOE, os membros, ex-membros e simpatizantes dos Movimentos Escutista e\/ou Guidista, de qualquer nacionalidade, bem como familiares destes.\u00a0A admiss\u00e3o como s\u00f3cio acontece ap\u00f3s a formaliza\u00e7\u00e3o da sua inscri\u00e7\u00e3o junto da direc\u00e7\u00e3o e o pagamento da respectiva quota anual.<\/p>\n<p><strong>BOLETIM OFICIAL<\/strong><\/p>\n<p>O CPCOE possui um boletim oficial, o &#8220;CAROLAS&#8221;, com publica\u00e7\u00e3o trimestral, enviado a todos os s\u00f3cios. Neste boletim podem-se encontrar artigos v\u00e1rios tais como historial escutista, pe\u00e7as de colec\u00e7\u00e3o, variedades, novidades, an\u00fancios gratuitos dos s\u00f3cios, lista de novos s\u00f3cios, informa\u00e7\u00f5es sobre encontros e exposi\u00e7\u00f5es, servi\u00e7o de distribui\u00e7\u00e3o e muito mais.<\/p>\n<p><strong>SERVI\u00c7O DE DISTRIBUI\u00c7\u00c3O<\/strong><\/p>\n<p>O<strong><a href=\"http:\/\/www.cpcoe.org\/?post_type=product\" target=\"_blank\"> Servi\u00e7o de Distribui\u00e7\u00e3o<\/a><\/strong> \u00e9 um servi\u00e7o que o Clube coloca ao dispor dos s\u00f3cios, para venda de artigos de colec\u00e7\u00e3o, com o objectivo de permitir aos s\u00f3cios a aquisi\u00e7\u00e3o de alguns objectos para a sua colec\u00e7\u00e3o a pre\u00e7os reduzidos, e ao mesmo tempo contribuir para os fundos do Clube.<\/p>\n<p>&#8211; <strong><a href=\"http:\/\/www.cpcoe.org\/wp-content\/uploads\/2014\/09\/20060302_CPCOE_Estatutos.pdf\">Estatutos<\/a><\/strong>\u00a0e <strong><a href=\"http:\/\/www.cpcoe.org\/wp-content\/uploads\/2015\/10\/CPCOE_Regulamento_Interno_2015.pdflamento\" target=\"_blank\">Regulamento<\/a><\/strong>\u00a0do Clube.<\/p>\n","protected":false},"excerpt":{"rendered":"<p>O Clube Portugu\u00eas de Coleccionadores de Objectos Escutistas (CPCOE), fundado em 2001, \u00e9 uma associa\u00e7\u00e3o sem fins lucrativos, independente de qualquer associa\u00e7\u00e3o escutista nacional ou internacional, que re\u00fane coleccionadores de tem\u00e1tica escutista. Possui um Regulamento Interno, Estatutos e NIPC (507 336 712). S\u00c3O OBJECTIVOS DO CPCOE: a) Motivar o coleccionismo de objectos de tem\u00e1tica escutista; &hellip; <a href=\"https:\/\/www.cpcoe.org\/?page_id=4\" class=\"more-link\">Continuar a ler<span class=\"screen-reader-text\">O CLUBE<\/span> <span class=\"meta-nav\">&rarr;<\/span><\/a><\/p>\n","protected":false},"author":16,"featured_media":0,"parent":0,"menu_order":0,"comment_status":"open","ping_status":"open","template":"","meta":{"footnotes":""},"_links":{"self":[{"href":"https:\/\/www.cpcoe.org\/index.php?rest_route=\/wp\/v2\/pages\/4"}],"collection":[{"href":"https:\/\/www.cpcoe.org\/index.php?rest_route=\/wp\/v2\/pages"}],"about":[{"href":"https:\/\/www.cpcoe.org\/index.php?rest_route=\/wp\/v2\/types\/page"}],"author":[{"embeddable":true,"href":"https:\/\/www.cpcoe.org\/index.php?rest_route=\/wp\/v2\/users\/16"}],"replies":[{"embeddable":true,"href":"https:\/\/www.cpcoe.org\/index.php?rest_route=%2Fwp%2Fv2%2Fcomments&post=4"}],"version-history":[{"count":17,"href":"https:\/\/www.cpcoe.org\/index.php?rest_route=\/wp\/v2\/pages\/4\/revisions"}],"predecessor-version":[{"id":560,"href":"https:\/\/www.cpcoe.org\/index.php?rest_route=\/wp\/v2\/pages\/4\/revisions\/560"}],"wp:attachment":[{"href":"https:\/\/www.cpcoe.org\/index.php?rest_route=%2Fwp%2Fv2%2Fmedia&parent=4"}],"curies":[{"name":"wp","href":"https:\/\/api.w.org\/{rel}","templated":true}]}}