{"id":2,"date":"2014-09-28T09:40:49","date_gmt":"2014-09-28T09:40:49","guid":{"rendered":"http:\/\/www.cpcoe.org\/?page_id=2"},"modified":"2023-07-11T21:53:33","modified_gmt":"2023-07-11T20:53:33","slug":"pagina-exemplo","status":"publish","type":"page","link":"https:\/\/www.cpcoe.org\/?page_id=2","title":{"rendered":"\u00d3RG\u00c3OS SOCIAIS"},"content":{"rendered":"<p><strong>Mesa da Assembleia Geral (2023-2026)<\/strong><\/p>\n<p style=\"padding-left: 30px;\">Presidente &#8211; <strong>V\u00edtor Gon\u00e7alves (27\/2001)<br \/>\n<\/strong>Vice-Presidente &#8211;\u00a0<strong>Joaquim Saloio\u00a0(8\/2001)<br \/>\n<\/strong>Secret\u00e1rio &#8211; <strong>Jos\u00e9 Varela (7\/2001)<\/strong><\/p>\n<p>&nbsp;<\/p>\n<p><strong>Direc\u00e7\u00e3o\u00a0(2023-2026)<\/strong><\/p>\n<p style=\"padding-left: 30px;\">Presidente: <strong>Paulo Marques Lopes<\/strong> (100\/2004)<br \/>\nVice- Presidente: <strong>Fernando Alves<\/strong> (002\/2001)<br \/>\nTesoureiro: <strong>Miguel Lontro<\/strong> (003\/2001)<br \/>\nSecret\u00e1rio: <strong>Hugo Correia<\/strong> (228\/2016)<br \/>\nSecret\u00e1rio: <strong>Eduardo Peixe<\/strong> (013\/2001)<br \/>\nVogal: <strong>Maria Manuela Louren\u00e7o<\/strong> (106\/2005)<br \/>\nVogal: <strong>Gon\u00e7alo Gra\u00e7a<\/strong> (201\/2012)<\/p>\n<p>&nbsp;<\/p>\n<p><strong>Conselho Fiscal\u00a0(2023-2026)<\/strong><\/p>\n<p style=\"padding-left: 30px;\">Presidente &#8211; <strong>Jorge Silva (68\/2002)<\/strong><br \/>\nVice-Presidente \u2013 J<strong>os\u00e9 Santana (12\/2001)<\/strong><br \/>\nSecret\u00e1rio \u2013<strong> Cl\u00e1udia Ribeiro (160\/2008)<\/strong><\/p>\n<p>&nbsp;<\/p>\n<p><strong>Edi\u00e7\u00e3o do Carolas<\/strong><\/p>\n<p style=\"padding-left: 30px;\">Diretor\u00a0&#8211;<br \/>\nEditor<strong> &#8211;\u00a0<\/strong><br \/>\nEditor <strong>&#8211;<br \/>\n<\/strong>Paginador\u00a0<strong>&#8211;<\/strong><\/p>\n<p>&nbsp;<\/p>\n<p><strong>Outros Cargos<\/strong><\/p>\n<p style=\"padding-left: 30px;\"><strong><a href=\"http:\/\/www.cpcoe.org\/?post_type=product\" target=\"_blank\" rel=\"noopener\">Servi\u00e7o de Distribui\u00e7\u00e3o<\/a><\/strong> &#8211;<br \/>\nCatalogador \u2013 <strong>Ant\u00f3nio Roque (47\/2002)<\/strong><br \/>\nWeb Site \u2013\u00a0<strong>Fernando Alves (002\/2001); Miguel Lontro (003\/2001); Paulo Seixas (086\/2003)<\/strong><\/p>\n<p>&nbsp;<\/p>\n","protected":false},"excerpt":{"rendered":"<p>Mesa da Assembleia Geral (2023-2026) Presidente &#8211; V\u00edtor Gon\u00e7alves (27\/2001) Vice-Presidente &#8211;\u00a0Joaquim Saloio\u00a0(8\/2001) Secret\u00e1rio &#8211; Jos\u00e9 Varela (7\/2001) &nbsp; Direc\u00e7\u00e3o\u00a0(2023-2026) Presidente: Paulo Marques Lopes (100\/2004) Vice- Presidente: Fernando Alves (002\/2001) Tesoureiro: Miguel Lontro (003\/2001) Secret\u00e1rio: Hugo Correia (228\/2016) Secret\u00e1rio: Eduardo Peixe (013\/2001) Vogal: Maria Manuela Louren\u00e7o (106\/2005) Vogal: Gon\u00e7alo Gra\u00e7a (201\/2012) &nbsp; Conselho Fiscal\u00a0(2023-2026) Presidente &hellip; <a href=\"https:\/\/www.cpcoe.org\/?page_id=2\" class=\"more-link\">Continuar a ler<span class=\"screen-reader-text\">\u00d3RG\u00c3OS SOCIAIS<\/span> <span class=\"meta-nav\">&rarr;<\/span><\/a><\/p>\n","protected":false},"author":16,"featured_media":0,"parent":0,"menu_order":0,"comment_status":"open","ping_status":"open","template":"","meta":{"footnotes":""},"_links":{"self":[{"href":"https:\/\/www.cpcoe.org\/index.php?rest_route=\/wp\/v2\/pages\/2"}],"collection":[{"href":"https:\/\/www.cpcoe.org\/index.php?rest_route=\/wp\/v2\/pages"}],"about":[{"href":"https:\/\/www.cpcoe.org\/index.php?rest_route=\/wp\/v2\/types\/page"}],"author":[{"embeddable":true,"href":"https:\/\/www.cpcoe.org\/index.php?rest_route=\/wp\/v2\/users\/16"}],"replies":[{"embeddable":true,"href":"https:\/\/www.cpcoe.org\/index.php?rest_route=%2Fwp%2Fv2%2Fcomments&post=2"}],"version-history":[{"count":20,"href":"https:\/\/www.cpcoe.org\/index.php?rest_route=\/wp\/v2\/pages\/2\/revisions"}],"predecessor-version":[{"id":1425,"href":"https:\/\/www.cpcoe.org\/index.php?rest_route=\/wp\/v2\/pages\/2\/revisions\/1425"}],"wp:attachment":[{"href":"https:\/\/www.cpcoe.org\/index.php?rest_route=%2Fwp%2Fv2%2Fmedia&parent=2"}],"curies":[{"name":"wp","href":"https:\/\/api.w.org\/{rel}","templated":true}]}}