{"id":17,"date":"2014-09-28T10:46:45","date_gmt":"2014-09-28T10:46:45","guid":{"rendered":"http:\/\/www.cpcoe.org\/?page_id=17"},"modified":"2015-09-23T21:06:27","modified_gmt":"2015-09-23T21:06:27","slug":"carolas","status":"publish","type":"page","link":"https:\/\/www.cpcoe.org\/?page_id=17","title":{"rendered":"Carolas"},"content":{"rendered":"<p>\u201cCAROLAS\u201d \u00e9 o boletim oficial do Clube Portugu\u00eas de Coleccionadores de Objectos Escutistas, com publica\u00e7\u00e3o trimestral (Janeiro, Abril, Julho e Outubro), enviado a todos os s\u00f3cios. Neste boletim podem-se encontrar artigos v\u00e1rios sobre hist\u00f3ria do escutismo e do guidismo, pe\u00e7as de colec\u00e7\u00e3o, an\u00fancios dos s\u00f3cios, informa\u00e7\u00f5es sobre encontros e exposi\u00e7\u00f5es, vida do clube, etc. Publica-se desde Junho de 2001.<\/p>\n<p>Os s\u00f3cios podem ter acesso (mediante username e password) a todas as edi\u00e7\u00f5es do Carolas, desde o n\u00famero 1, em formato PDF, <strong><a href=\"http:\/\/cpcoe.org\/carolas\" target=\"_blank\">aqui<\/a><\/strong>.<\/p>\n<p><strong>Colaborar com o &#8220;CAROLAS&#8221; \u00e9 f\u00e1cil!<\/strong><br \/>\nBasta escrever umas linhas sobre algum evento escutista que tenha produzido uma ins\u00edgnia ou outro objecto, e enviar junto com algumas fotografias para o seguinte e-mail: <a href=\"mailto:carolas@cpcoe.org\" target=\"_blank\"><strong>carolas@cpcoe.org<\/strong>\u00a0<\/a><\/p>\n","protected":false},"excerpt":{"rendered":"<p>\u201cCAROLAS\u201d \u00e9 o boletim oficial do Clube Portugu\u00eas de Coleccionadores de Objectos Escutistas, com publica\u00e7\u00e3o trimestral (Janeiro, Abril, Julho e Outubro), enviado a todos os s\u00f3cios. Neste boletim podem-se encontrar artigos v\u00e1rios sobre hist\u00f3ria do escutismo e do guidismo, pe\u00e7as de colec\u00e7\u00e3o, an\u00fancios dos s\u00f3cios, informa\u00e7\u00f5es sobre encontros e exposi\u00e7\u00f5es, vida do clube, etc. Publica-se &hellip; <a href=\"https:\/\/www.cpcoe.org\/?page_id=17\" class=\"more-link\">Continuar a ler<span class=\"screen-reader-text\">Carolas<\/span> <span class=\"meta-nav\">&rarr;<\/span><\/a><\/p>\n","protected":false},"author":16,"featured_media":0,"parent":0,"menu_order":0,"comment_status":"open","ping_status":"open","template":"","meta":{"footnotes":""},"_links":{"self":[{"href":"https:\/\/www.cpcoe.org\/index.php?rest_route=\/wp\/v2\/pages\/17"}],"collection":[{"href":"https:\/\/www.cpcoe.org\/index.php?rest_route=\/wp\/v2\/pages"}],"about":[{"href":"https:\/\/www.cpcoe.org\/index.php?rest_route=\/wp\/v2\/types\/page"}],"author":[{"embeddable":true,"href":"https:\/\/www.cpcoe.org\/index.php?rest_route=\/wp\/v2\/users\/16"}],"replies":[{"embeddable":true,"href":"https:\/\/www.cpcoe.org\/index.php?rest_route=%2Fwp%2Fv2%2Fcomments&post=17"}],"version-history":[{"count":6,"href":"https:\/\/www.cpcoe.org\/index.php?rest_route=\/wp\/v2\/pages\/17\/revisions"}],"predecessor-version":[{"id":207,"href":"https:\/\/www.cpcoe.org\/index.php?rest_route=\/wp\/v2\/pages\/17\/revisions\/207"}],"wp:attachment":[{"href":"https:\/\/www.cpcoe.org\/index.php?rest_route=%2Fwp%2Fv2%2Fmedia&parent=17"}],"curies":[{"name":"wp","href":"https:\/\/api.w.org\/{rel}","templated":true}]}}