{"id":1346,"date":"2023-06-23T15:55:33","date_gmt":"2023-06-23T14:55:33","guid":{"rendered":"http:\/\/www.cpcoe.org\/?post_type=product&#038;p=1346"},"modified":"2023-06-23T15:55:33","modified_gmt":"2023-06-23T14:55:33","slug":"90-anos-do-nucleo-guimaraes-regiao-de-braga-2014","status":"publish","type":"product","link":"http:\/\/www.cpcoe.org\/?product=90-anos-do-nucleo-guimaraes-regiao-de-braga-2014","title":{"rendered":"90 anos do n\u00facleo Guimar\u00e3es, Regi\u00e3o de Braga,  2014."},"content":{"rendered":"<p><a href=\"http:\/\/www.cpcoe.org\/wp-content\/uploads\/2023\/06\/20994201_10155730748229571_5331595722240753023_n.jpg\"><img loading=\"lazy\" decoding=\"async\" class=\"alignnone size-medium wp-image-1347\" src=\"http:\/\/www.cpcoe.org\/wp-content\/uploads\/2023\/06\/20994201_10155730748229571_5331595722240753023_n-225x300.jpg\" alt=\"\" width=\"225\" height=\"300\" srcset=\"http:\/\/www.cpcoe.org\/wp-content\/uploads\/2023\/06\/20994201_10155730748229571_5331595722240753023_n-225x300.jpg 225w, http:\/\/www.cpcoe.org\/wp-content\/uploads\/2023\/06\/20994201_10155730748229571_5331595722240753023_n.jpg 720w\" sizes=\"(max-width: 225px) 100vw, 225px\" \/><\/a><\/p>\n","protected":false},"excerpt":{"rendered":"","protected":false},"featured_media":1347,"comment_status":"closed","ping_status":"closed","template":"","meta":[],"_links":{"self":[{"href":"http:\/\/www.cpcoe.org\/index.php?rest_route=\/wp\/v2\/product\/1346"}],"collection":[{"href":"http:\/\/www.cpcoe.org\/index.php?rest_route=\/wp\/v2\/product"}],"about":[{"href":"http:\/\/www.cpcoe.org\/index.php?rest_route=\/wp\/v2\/types\/product"}],"replies":[{"embeddable":true,"href":"http:\/\/www.cpcoe.org\/index.php?rest_route=%2Fwp%2Fv2%2Fcomments&post=1346"}],"wp:featuredmedia":[{"embeddable":true,"href":"http:\/\/www.cpcoe.org\/index.php?rest_route=\/wp\/v2\/media\/1347"}],"wp:attachment":[{"href":"http:\/\/www.cpcoe.org\/index.php?rest_route=%2Fwp%2Fv2%2Fmedia&parent=1346"}],"curies":[{"name":"wp","href":"https:\/\/api.w.org\/{rel}","templated":true}]}}